{"id":144,"date":"2024-03-25T12:59:23","date_gmt":"2024-03-25T12:59:23","guid":{"rendered":"https:\/\/askdirect.in\/?page_id=144"},"modified":"2024-05-23T11:50:51","modified_gmt":"2024-05-23T11:50:51","slug":"ventures","status":"publish","type":"page","link":"https:\/\/askdirect.in\/index.php\/ventures\/","title":{"rendered":"ventures"},"content":{"rendered":"\n<h4 class=\"wp-block-heading has-text-align-center\">Complete List of all the<br><strong>Transformational Endeavours<\/strong><br>of<br>A.S.K.<\/h4>\n\n\n\n<p><\/p>\n\n\n\n<p class=\"has-text-align-center has-text-color\" style=\"color:#a406f2\"><strong>\u0905\u0938\u0919\u094d\u0915 \u091c\u0940\u0935\u0928<\/strong> | <strong>Asa\u1e45ka J\u012bvana<\/strong><\/p>\n\n\n\n<p class=\"has-text-align-center\"><strong>Par\u0101 Vidy\u0101<\/strong><\/p>\n\n\n\n<p class=\"has-text-align-center\">Parame\u1e63\u1e6dhi Rahasyam<\/p>\n\n\n\n<p class=\"has-text-align-center\">Parama Rahasyam<\/p>\n\n\n\n<p class=\"has-text-align-center\">Mah\u0101 Rahasyam<\/p>\n\n\n\n<p class=\"has-text-align-center\">\u0936\u094d\u0930\u0940\u0935\u093f\u0926\u094d\u092f\u093e \u092e\u0939\u093e\u0915\u0932\u094d\u092a<\/p>\n\n\n\n<p class=\"has-text-align-center\">\u092e\u0939\u093e\u0928\u093f\u0930\u094d\u0935\u093e\u0923\u0924\u0928\u094d\u0924\u094d\u0930\u092e\u094d<\/p>\n\n\n\n<p class=\"has-text-align-center\"><strong>Par\u0101par\u0101 Avatara\u1e47a Vidy\u0101<\/strong> (Par\u0101 Apar\u0101)<\/p>\n\n\n\n<p class=\"has-text-align-center\">\u0938\u092e\u094d\u092a\u0942\u0930\u094d\u0923 \u0924\u094d\u0930\u093f\u092a\u0941\u0930\u093e \u092e\u0939\u093e\u0935\u093f\u0926\u094d\u092f\u093e [\u0939\u093e\u0926\u093f \u0935\u093f\u0926\u094d\u092f\u093e]<\/p>\n\n\n\n<p class=\"has-text-align-center\"><strong>Apar\u0101par\u0101 \u016ardhvacet\u0101 Vidy\u0101<\/strong> (Apar\u0101 Par\u0101)<\/p>\n\n\n\n<p class=\"has-text-align-center\">Ku\u1e47\u1e0dalin\u012b Chakra Vidy\u0101<\/p>\n\n\n\n<p class=\"has-text-align-center\">\u0938\u092e\u094d\u092a\u0942\u0930\u094d\u0923 \u0924\u094d\u0930\u093f\u092a\u0941\u0930\u093e \u092e\u0939\u093e\u0935\u093f\u0926\u094d\u092f\u093e [\u0915\u093e\u0926\u093f \u0935\u093f\u0926\u094d\u092f\u093e]<\/p>\n\n\n\n<p class=\"has-text-align-center\"><strong>A<\/strong><strong>&#8211;<\/strong><strong>par\u0101 Vidy\u0101<\/strong><\/p>\n\n\n\n<p class=\"has-text-align-center\">Vedic Living Mastery (\u091c\u094d\u092f\u094b\u0924\u093f\u0930\u094d\u092e\u092f \u091c\u0940\u0935\u0928)<\/p>\n\n\n\n<p class=\"has-text-align-center\">Jyoti\u1e63a<\/p>\n\n\n\n<p class=\"has-text-align-center\">Mah\u0101rahasyam<\/p>\n\n\n\n<p class=\"has-text-align-center\">Hastarekh\u0101<\/p>\n\n\n\n<p class=\"has-text-align-center\">Tattva V\u0101stu<\/p>\n\n\n\n<p class=\"has-text-align-center\">A\u1e45kaj\u0101takam<\/p>\n\n\n\n<p class=\"has-text-align-center\">Sm\u1e5bti \u015aik\u1e63\u0101<\/p>\n\n\n\n<p class=\"has-text-align-center\">Memory Mastery<\/p>\n\n\n\n<p class=\"has-text-align-center\">Muhurta Rahasyam<\/p>\n\n\n\n<p><\/p>\n\n\n\n<p class=\"has-text-align-center has-text-color\" style=\"color:#0613b0\"><strong>\u092e\u093e\u0908 \u0935\u093f\u0926\u094d\u092f\u093e<\/strong> | <strong><strong>MAE VIDYA<\/strong><\/strong><\/p>\n\n\n\n<p class=\"has-text-align-center\">\u091a\u0948\u0924\u094d\u092f \u0935\u093f\u0926\u094d\u092f\u093e<\/p>\n\n\n\n<p class=\"has-text-align-center\">\u092e\u0928\u094b\u092e\u092f\u0940 Manifestation<\/p>\n\n\n\n<p class=\"has-text-align-center\">Vaidik Reality Bending (VRB)<\/p>\n\n\n\n<p class=\"has-text-align-center\">Brahmavarchas Energy Integration &amp; Neurological Generation (BEING)<\/p>\n\n\n\n<p class=\"has-text-align-center\">\u0935\u093e\u0915\u094d \u0938\u093f\u0926\u094d\u0927\u093f<\/p>\n\n\n\n<p class=\"has-text-align-center\">\u092a\u0930\u093e\u0935\u093e\u0915\u094d \u0938\u093f\u0926\u094d\u0927\u093f<\/p>\n\n\n\n<p class=\"has-text-align-center\">\u0905\u0925\u0930\u094d\u0935\u093e NLP<\/p>\n\n\n\n<p><\/p>\n\n\n\n<p class=\"has-text-align-center has-vivid-cyan-blue-color has-text-color\"><strong>\u0905\u0926\u094d\u0935\u0948\u0924 \u092a\u094d\u0930\u091c\u094d\u091e\u093e<\/strong> | <strong>Advaita Praj\u00f1\u0101<\/strong><\/p>\n\n\n\n<p class=\"has-text-align-center\">108 Upani\u1e63ads<\/p>\n\n\n\n<p class=\"has-text-align-center\">Dhyana \u0100nanda<\/p>\n\n\n\n<p><\/p>\n\n\n\n<p class=\"has-text-align-center has-vivid-green-cyan-color has-text-color\"><strong>\u0905\u0928\u093e\u0939\u0924\u094d \u0938\u0902\u0915\u094d\u0930\u093f\u092f\u093e<\/strong> | <strong>An\u0101hat Sa\u1e43kriy\u0101<\/strong><\/p>\n\n\n\n<p class=\"has-text-align-center\">N\u0101da Sadhana<\/p>\n\n\n\n<p class=\"has-text-align-center\">Pra\u1e47ava Vidy\u0101<\/p>\n\n\n\n<p><\/p>\n\n\n\n<p class=\"has-text-align-center has-luminous-vivid-amber-color has-text-color\"><strong>\u0905\u092e\u0930\u094d\u0924\u094d\u092f \u0935\u093f\u0926\u094d\u092f\u093e<\/strong> | <strong>Amartya Vidy\u0101<\/strong><\/p>\n\n\n\n<p class=\"has-text-align-center\">Yog<\/p>\n\n\n\n<p class=\"has-text-align-center\">Sol-Secrets<\/p>\n\n\n\n<p class=\"has-text-align-center\">Tejasvin\u012b \u015aik\u1e63\u0101<\/p>\n\n\n\n<p class=\"has-text-align-center\">Rudr\u0101k\u1e63a Therapy<\/p>\n\n\n\n<p><\/p>\n\n\n\n<p class=\"has-text-align-center has-luminous-vivid-orange-color has-text-color\"><strong>\u0905\u0935\u091a\u0948\u0924\u094d\u092f \u092a\u0930\u092e\u093e \u0939\u0940\u0932\u093f\u0919\u094d\u0917<\/strong> | <strong>Avachaitya Param\u0101<\/strong> <strong>Healing<\/strong><\/p>\n\n\n\n<p class=\"has-text-align-center\">Subconscious Mastery<\/p>\n\n\n\n<p class=\"has-text-align-center\">Mah\u0101pr\u0101\u1e47ika Healing<\/p>\n\n\n\n<p class=\"has-text-align-center\">Metaconscious Self-Healing<\/p>\n\n\n\n<p><\/p>\n\n\n\n<p class=\"has-text-align-center has-vivid-red-color has-text-color\"><strong>\u0905\u0925\u0930\u094d\u0935\u093e \u0938\u091e\u094d\u091c\u0928\u0928<\/strong> | <strong>Atharv\u0101<\/strong> <strong>Sa\u00f1janana<\/strong><\/p>\n\n\n\n<p class=\"has-text-align-center\">Atharv\u0101 NLP<\/p>\n\n\n\n<p class=\"has-text-align-center\">Vedic Laws of Attraction (SHAILA : Sacred \u2013 Holistic Atharvo-Impulsic Law of Attraction)<\/p>\n\n\n\n<p class=\"has-text-align-center\">Santati \u015aik\u1e63\u0101<\/p>\n\n\n\n<p class=\"has-text-align-center\">Relationship Mastery<\/p>\n\n\n\n<p class=\"has-text-align-center\">K\u0101may\u0101b\u012b S\u016btras<\/p>\n\n\n\n<p class=\"has-text-align-center\">Perception Mastery<\/p>\n\n\n\n<p class=\"has-text-align-center\">Freedom Vidy\u0101<\/p>\n\n\n\n<p class=\"has-text-align-center\">TimeLine Siddhi<\/p>\n\n\n\n<p class=\"has-text-align-center\">Inner En-Structuring<\/p>\n\n\n\n<p class=\"has-text-align-center\">Oriental Leadership<\/p>\n\n\n\n<p class=\"has-text-align-center\">Past-Perfection<\/p>\n\n\n\n<p class=\"has-text-align-center\">Present-Perfection<\/p>\n\n\n\n<p class=\"has-text-align-center\">Future-Perfection<\/p>\n\n\n\n<p class=\"has-text-align-center\">Vedic Timeline-Mastery<\/p>\n\n\n\n<p class=\"has-text-align-center\">Aim-Game Supercode<\/p>\n\n\n\n<p class=\"has-text-align-center\">Sa\u1e43sk\u1e5bta<\/p>\n","protected":false},"excerpt":{"rendered":"<p>Complete List of all theTransformational EndeavoursofA.S.K. \u0905\u0938\u0919\u094d\u0915 \u091c\u0940\u0935\u0928 | Asa\u1e45ka J\u012bvana Par\u0101 Vidy\u0101 Parame\u1e63\u1e6dhi Rahasyam Parama Rahasyam Mah\u0101 Rahasyam \u0936\u094d\u0930\u0940\u0935\u093f\u0926\u094d\u092f\u093e \u092e\u0939\u093e\u0915\u0932\u094d\u092a \u092e\u0939\u093e\u0928\u093f\u0930\u094d\u0935\u093e\u0923\u0924\u0928\u094d\u0924\u094d\u0930\u092e\u094d Par\u0101par\u0101 Avatara\u1e47a Vidy\u0101 (Par\u0101 Apar\u0101) \u0938\u092e\u094d\u092a\u0942\u0930\u094d\u0923 \u0924\u094d\u0930\u093f\u092a\u0941\u0930\u093e \u092e\u0939\u093e\u0935\u093f\u0926\u094d\u092f\u093e [\u0939\u093e\u0926\u093f \u0935\u093f\u0926\u094d\u092f\u093e] Apar\u0101par\u0101 \u016ardhvacet\u0101 Vidy\u0101 (Apar\u0101 Par\u0101) Ku\u1e47\u1e0dalin\u012b Chakra Vidy\u0101 \u0938\u092e\u094d\u092a\u0942\u0930\u094d\u0923 \u0924\u094d\u0930\u093f\u092a\u0941\u0930\u093e \u092e\u0939\u093e\u0935\u093f\u0926\u094d\u092f\u093e [\u0915\u093e\u0926\u093f \u0935\u093f\u0926\u094d\u092f\u093e] A&#8211;par\u0101 Vidy\u0101 Vedic Living Mastery (\u091c\u094d\u092f\u094b\u0924\u093f\u0930\u094d\u092e\u092f \u091c\u0940\u0935\u0928) Jyoti\u1e63a Mah\u0101rahasyam Hastarekh\u0101 [&hellip;]<\/p>\n","protected":false},"author":1,"featured_media":0,"parent":0,"menu_order":0,"comment_status":"closed","ping_status":"closed","template":"","meta":{"hide_page_title":"","_coblocks_attr":"","_coblocks_dimensions":"","_coblocks_responsive_height":"","_coblocks_accordion_ie_support":""},"_links":{"self":[{"href":"https:\/\/askdirect.in\/index.php\/wp-json\/wp\/v2\/pages\/144"}],"collection":[{"href":"https:\/\/askdirect.in\/index.php\/wp-json\/wp\/v2\/pages"}],"about":[{"href":"https:\/\/askdirect.in\/index.php\/wp-json\/wp\/v2\/types\/page"}],"author":[{"embeddable":true,"href":"https:\/\/askdirect.in\/index.php\/wp-json\/wp\/v2\/users\/1"}],"replies":[{"embeddable":true,"href":"https:\/\/askdirect.in\/index.php\/wp-json\/wp\/v2\/comments?post=144"}],"version-history":[{"count":2,"href":"https:\/\/askdirect.in\/index.php\/wp-json\/wp\/v2\/pages\/144\/revisions"}],"predecessor-version":[{"id":198,"href":"https:\/\/askdirect.in\/index.php\/wp-json\/wp\/v2\/pages\/144\/revisions\/198"}],"wp:attachment":[{"href":"https:\/\/askdirect.in\/index.php\/wp-json\/wp\/v2\/media?parent=144"}],"curies":[{"name":"wp","href":"https:\/\/api.w.org\/{rel}","templated":true}]}}