{"id":117,"date":"2024-03-25T11:49:24","date_gmt":"2024-03-25T11:49:24","guid":{"rendered":"https:\/\/askdirect.in\/?page_id=117"},"modified":"2025-05-20T12:41:36","modified_gmt":"2025-05-20T12:41:36","slug":"home","status":"publish","type":"page","link":"https:\/\/askdirect.in\/","title":{"rendered":"home"},"content":{"rendered":"<div class=\"wp-block-image\">\n<figure class=\"aligncenter size-full is-resized\"><a href=\"https:\/\/booknow.askdirect.in\/#\/customer\/ask\" target=\"_blank\" rel=\"noreferrer noopener\"><img decoding=\"async\" loading=\"lazy\" src=\"https:\/\/askdirect.in\/wp-content\/uploads\/2024\/03\/Simple-Circular-Badge-Education-Logo.png\" alt=\"\" class=\"wp-image-157\" width=\"231\" height=\"231\" srcset=\"https:\/\/askdirect.in\/wp-content\/uploads\/2024\/03\/Simple-Circular-Badge-Education-Logo.png 500w, https:\/\/askdirect.in\/wp-content\/uploads\/2024\/03\/Simple-Circular-Badge-Education-Logo-300x300.png 300w, https:\/\/askdirect.in\/wp-content\/uploads\/2024\/03\/Simple-Circular-Badge-Education-Logo-150x150.png 150w\" sizes=\"(max-width: 231px) 100vw, 231px\" \/><\/a><\/figure><\/div>\n\n\n<p><\/p>\n\n\n\n<div class=\"wp-block-buttons is-content-justification-center is-layout-flex wp-container-1\">\n<div class=\"wp-block-button\"><a class=\"wp-block-button__link has-text-align-center wp-element-button\" href=\"https:\/\/booknow.askdirect.in\/#\/customer\/ask\" target=\"_blank\" rel=\"noreferrer noopener\">Click HERE to book your sacred time-slot with me through a simple energy exchange<\/a><\/div>\n<\/div>\n\n\n\n<p><\/p>\n\n\n\n<h3 class=\"wp-block-heading has-text-align-center\"><em><strong><a href=\"https:\/\/booknow.askdirect.in\/#\/customer\/ask\">seeking<\/a> sincere seekers<\/strong><\/em>&#8230;<\/h3>\n\n\n\n<p class=\"has-text-align-left\">Namaste !<br>As an explorer and student of <strong>ancient wisdom<\/strong> and <strong>undistorted oriental sciences<\/strong> for over 27 years, i, embodied as arun singh <em>kranti<\/em>, invite the seekers to <a href=\"https:\/\/booknow.askdirect.in\/#\/customer\/ask\">embark on a transformative journey with me<\/a>.  <\/p>\n\n\n\n<p><\/p>\n\n\n\n<p class=\"has-text-align-left\">i am a s\u0101dhaka, and a humble guide in the realms of <strong>Atharva NLP<\/strong>, <strong>Vedic Jyoti\u1e63a<\/strong>, <strong>Tattva Palmistry<\/strong>, <strong>Him\u0101layan Numerology<\/strong>, and the sacred practices of <strong>MAE Vidy\u0101<\/strong> and <strong>A<\/strong>tharva&nbsp;<strong>S<\/strong>a\u1e45kar\u1e63a\u1e47a&nbsp;<strong>K<\/strong>alpa (ASK).<\/p>\n\n\n\n<p><\/p>\n\n\n\n<p>In the tapestry of this exist.ence, where challenges &#8216;seem to&#8217; loom large and the causal mysteries abound, i offer specific oriental pathways towards unlocking the youniversal ABUNDANCE and becoming capable of &#8216;<strong>resolving almost all of the problems<\/strong> that ONE may seem to face in the experience called LIFE&#8217;. Through my practice of the <strong>San<strong>\u0101<\/strong>tana Rituals<\/strong>, <strong>Mantra Vidy\u0101<\/strong>, <strong>Yaj\u00f1a<\/strong> ceremonies, <strong>Rudr\u0101k\u1e63a Ny\u0101sa<\/strong>, and the transformative powers of scientific remedial <strong>V\u0101stu<\/strong>, i stand ready to empower you towards personal and professional fulfillment.<\/p>\n\n\n\n<p><\/p>\n\n\n\n<p>As a proud <em>nimitta<\/em> behind the re-discovery of <strong>ASA\u1e44KA LIFE<\/strong> and <strong>SUPER-CONSCIOUS HEALING<\/strong>, my pur(e)-pose is clear : to awaken the inner TRUE-SELF of the earnest seekers who yearn for genuine trans-formation. <\/p>\n\n\n\n<p>i seek sincere and dedicated individuals who are ready to embrace the power of undistorted oriental sciences in transforming their lives.<\/p>\n\n\n\n<p><\/p>\n\n\n\n<p>Rooted in the timeless philosophies of Bh\u0101ratian tradition and the Vedic School of thought, i pray to Mah\u0101dev\u012b that my teachings serve as a beacon of light for the individuals from all walks of life. Whether you are a student seeking pure and undistorted knowledge, a parent navigating any sort of complexities, or a corporate executive in search of <em>santulana<\/em> (balance) and purpose, i try to be pre-sent to inspire and uplift.<\/p>\n\n\n\n<p><\/p>\n\n\n\n<p>The Power of Structural SELF-Perfection, a philosophy that i hold dear to my h\u1e5bdaya (heart), has the ability (as per my belief) to enrich every aspect of life.<br><\/p>\n\n\n\n<p>While keeping this unwavering commitment to growth and SELF-improvement, i offer over 300 modalities, techniques, and methodologies aimed at supporting Total-Transformation in those who truly seek it.<\/p>\n\n\n\n<p><\/p>\n\n\n\n<p>Join me on this sacred journey towards happiness, fulfillment, and success. Let us walk hand-in-hand towards a future filled with purpose and enlightenment. May my humble guidance and support be a source of inspiration as you re-gain your full structural and spiritual powers and embrace the \u0101nanda of the profound teachings of these undistorted oriental vidy\u0101s. <\/p>\n\n\n\n<p><\/p>\n\n\n\n<p class=\"has-text-align-left\"><strong>Note<\/strong> : Arun Singh Kranti is immersed in sadhanas, yajnas, and pilgrimage-tours until March 2026 and is not available for general appointments. He will attend only to urgent matters. Please seek his permission during the pre-session call before booking your session with him.<\/p>\n\n\n\n<p><\/p>\n\n\n\n<div class=\"wp-block-buttons is-layout-flex\">\n<div class=\"wp-block-button\"><a class=\"wp-block-button__link has-text-align-center wp-element-button\" href=\"https:\/\/booknow.askdirect.in\/#\/customer\/ask\">Click HERE to book your sacred time-slot with me through a simple energy exchange<\/a><\/div>\n<\/div>\n\n\n\n<p><\/p>\n\n\n\n<h4 class=\"wp-block-heading has-text-align-center\"><strong><a href=\"https:\/\/booknow.askdirect.in\/#\/customer\/ask\">booking<\/a><\/strong> <em>pro-cess<\/em><\/h4>\n\n\n\n<p>Dear <em>seeker of the highest truth<\/em>,<\/p>\n\n\n\n<p>Allow me to guide you through the SELF-disciplined <strong>steps to secure your sacred-time slot (appointment) with me<\/strong> for a trans-formative session.<\/p>\n\n\n\n<p> <br>[Please be informed that this exclusive booking service (as given in links above) is reserved for authorized seekers who have been granted permission to seek guidance from me.]<\/p>\n\n\n\n<p><\/p>\n\n\n\n<p><strong>Step 1 <\/strong>: Visit my <a href=\"https:\/\/booknow.askdirect.in\/#\/ask\"><strong>Appointment Booking Portal<\/strong><\/a> to schedule a Free 5-minute Pre-Session Call at a time that works best for you.<\/p>\n\n\n\n<p><strong>Step 2<\/strong> : During our Pre-Session Call, we\u2019ll discuss your specific needs and the best session options for you. When we decide to move forward together, simply return to my <a href=\"https:\/\/booknow.askdirect.in\/#\/ask\"><strong>Appointment Booking Portal<\/strong><\/a> and book the recommended session (through a simple energy-exchange).<\/p>\n\n\n\n<p><strong>Step 3<\/strong> : Get ready for a transformative experience! I\u2019m here to provide you with the guidance and support you\u2019re seeking.<\/p>\n\n\n\n<p><\/p>\n\n\n\n<p>For further inquiries or assistance, feel free to contact via WhatsApp at (+91)<a href=\"https:\/\/api.whatsapp.com\/send?phone=917466002121&amp;text=Namaste\">7466002121<\/a>. <\/p>\n\n\n\n<p><\/p>\n\n\n\n<p>Let us embark together on a path of discovery and empowerment.<\/p>\n\n\n\n<p class=\"has-text-align-right\"><br>~ For my purpose of life <em>&#8220;\u0906\u0924\u094d\u092e\u0928\u094b \u092e\u094b\u0915\u094d\u0937\u093e\u0930\u094d\u0925\u0902 \u091c\u0917\u0926\u094d\u0927\u093f\u0924\u093e\u092f \u091a&#8221;<\/em>,<br>arun singh <em>kranti<\/em><\/p>\n\n\n\n<p class=\"has-text-align-center\">***<\/p>\n\n\n\n<p><\/p>\n\n\n\n<div class=\"wp-block-buttons is-content-justification-center is-layout-flex wp-container-3\">\n<div class=\"wp-block-button\"><a class=\"wp-block-button__link has-text-align-center wp-element-button\" href=\"https:\/\/booknow.askdirect.in\/#\/customer\/ask\" target=\"_blank\" rel=\"noreferrer noopener\">Click HERE to book your sacred time-slot with me through a simple energy exchange<\/a><\/div>\n<\/div>\n\n\n\n<p><\/p>\n\n\n\n<h4 class=\"wp-block-heading has-text-align-center\"><strong><a href=\"https:\/\/booknow.askdirect.in\/#\/customer\/ask\">Sessions<\/a><\/strong> <em>on Offer<\/em><\/h4>\n\n\n\n<ul>\n<li>Online <strong>Jyotish<\/strong> Consultation [Basic] [\u092a\u094d\u0930\u0936\u094d\u0928\u091c\u093e\u0924\u0915\u092e\u094d]<\/li>\n\n\n\n<li>Online Jyotish Consultation [Advanced] [\u0928\u0915\u094d\u0937\u0924\u094d\u0930\u091c\u093e\u0924\u0915\u092e\u094d]<\/li>\n\n\n\n<li>Online Jyotish Consultation [Ultimate] [\u092b\u0932\u093f\u0924\u091c\u093e\u0924\u0915\u092e\u094d]<\/li>\n\n\n\n<li>Online Oriental <strong>Palmistry<\/strong> Consultation [\u0939\u0938\u094d\u0924\u091c\u093e\u0924\u0915\u092e\u094d]<\/li>\n\n\n\n<li>Online Himalayan <strong>Numerology<\/strong> Consultation [\u0905\u0919\u094d\u0915\u091c\u093e\u0924\u0915\u092e\u094d]<\/li>\n\n\n\n<li>Online Samudrika <strong>Face+Body Reading<\/strong> [\u092a\u094d\u0930\u0924\u094d\u092f\u0919\u094d\u0917\u091c\u093e\u0924\u0915\u092e\u094d]<\/li>\n\n\n\n<li><strong>Vastu<\/strong> Consultation [Through Video] [\u0935\u093e\u0938\u094d\u0924\u0941\u092e\u0919\u094d\u0917\u0932\u092e\u094d]<\/li>\n\n\n\n<li>Avachaitya Param\u0101 <strong>Healing<\/strong> Session [Distance Guided Self-Healing Modality] [\u0938\u094d\u0935\u0938\u094d\u0925\u093f\u0924\u093f\u0915\u0930\u0923\u092e\u094d]<\/li>\n\n\n\n<li>Online <strong>Spiritual Guidance<\/strong> Session [\u0926\u093f\u0935\u094d\u092f\u0938\u093e\u0927\u0928\u092e\u094d]<\/li>\n\n\n\n<li><strong>Vedic Laws of Attraction<\/strong> \/ MAE Vidya \/ \u0905\u0925\u0930\u094d\u0935\u093e <strong>NLP<\/strong> Session [Advanced] [\u091a\u0948\u0924\u094d\u092f\u0915\u0930\u0923\u092e\u094d]<\/li>\n\n\n\n<li>Vedic Laws of Attraction \/ MAE Vidya \/ \u0905\u0925\u0930\u094d\u0935\u093e NLP Session [Ultimate] [\u0924\u0925\u093e\u0938\u094d\u0924\u0941\u0915\u0930\u0923\u092e\u094d]<br><br><\/li>\n<\/ul>\n\n\n\n<div class=\"wp-block-buttons is-content-justification-center is-layout-flex wp-container-4\">\n<div class=\"wp-block-button\"><a class=\"wp-block-button__link wp-element-button\" href=\"https:\/\/razorpay.me\/@askdirect\" target=\"_blank\" rel=\"noreferrer noopener\">Click HERE to make a Customized Payment if required<\/a><\/div>\n<\/div>\n\n\n\n<p><strong>Note<\/strong> : Arun Singh Kranti is immersed in sadhanas, yajnas, and pilgrimage-tours until March 2026 and is not available for general appointments. He will attend only to urgent matters. Please seek his permission during the pre-session call before booking your session with him.<\/p>\n\n\n\n<p><\/p>\n\n\n\n<ul class=\"wp-block-social-links has-icon-color is-style-logos-only is-content-justification-center is-layout-flex wp-container-5\"><li style=\"color: var(--wp--preset--color--primary); \" class=\"wp-social-link wp-social-link-facebook wp-block-social-link\"><a href=\"https:\/\/www.facebook.com\/arunsingh.kranti\" class=\"wp-block-social-link-anchor\"><svg width=\"24\" height=\"24\" viewBox=\"0 0 24 24\" version=\"1.1\" xmlns=\"http:\/\/www.w3.org\/2000\/svg\" aria-hidden=\"true\" focusable=\"false\"><path d=\"M12 2C6.5 2 2 6.5 2 12c0 5 3.7 9.1 8.4 9.9v-7H7.9V12h2.5V9.8c0-2.5 1.5-3.9 3.8-3.9 1.1 0 2.2.2 2.2.2v2.5h-1.3c-1.2 0-1.6.8-1.6 1.6V12h2.8l-.4 2.9h-2.3v7C18.3 21.1 22 17 22 12c0-5.5-4.5-10-10-10z\"><\/path><\/svg><span class=\"wp-block-social-link-label screen-reader-text\">Facebook<\/span><\/a><\/li>\n\n<li style=\"color: var(--wp--preset--color--primary); \" class=\"wp-social-link wp-social-link-twitter wp-block-social-link\"><a href=\"https:\/\/twitter.com\/krantiguru\" class=\"wp-block-social-link-anchor\"><svg width=\"24\" height=\"24\" viewBox=\"0 0 24 24\" version=\"1.1\" xmlns=\"http:\/\/www.w3.org\/2000\/svg\" aria-hidden=\"true\" focusable=\"false\"><path d=\"M22.23,5.924c-0.736,0.326-1.527,0.547-2.357,0.646c0.847-0.508,1.498-1.312,1.804-2.27 c-0.793,0.47-1.671,0.812-2.606,0.996C18.324,4.498,17.257,4,16.077,4c-2.266,0-4.103,1.837-4.103,4.103 c0,0.322,0.036,0.635,0.106,0.935C8.67,8.867,5.647,7.234,3.623,4.751C3.27,5.357,3.067,6.062,3.067,6.814 c0,1.424,0.724,2.679,1.825,3.415c-0.673-0.021-1.305-0.206-1.859-0.513c0,0.017,0,0.034,0,0.052c0,1.988,1.414,3.647,3.292,4.023 c-0.344,0.094-0.707,0.144-1.081,0.144c-0.264,0-0.521-0.026-0.772-0.074c0.522,1.63,2.038,2.816,3.833,2.85 c-1.404,1.1-3.174,1.756-5.096,1.756c-0.331,0-0.658-0.019-0.979-0.057c1.816,1.164,3.973,1.843,6.29,1.843 c7.547,0,11.675-6.252,11.675-11.675c0-0.178-0.004-0.355-0.012-0.531C20.985,7.47,21.68,6.747,22.23,5.924z\"><\/path><\/svg><span class=\"wp-block-social-link-label screen-reader-text\">Twitter<\/span><\/a><\/li>\n\n<li style=\"color: var(--wp--preset--color--primary); \" class=\"wp-social-link wp-social-link-instagram wp-block-social-link\"><a href=\"https:\/\/www.instagram.com\/arunsinghkranti\/\" class=\"wp-block-social-link-anchor\"><svg width=\"24\" height=\"24\" viewBox=\"0 0 24 24\" version=\"1.1\" xmlns=\"http:\/\/www.w3.org\/2000\/svg\" aria-hidden=\"true\" focusable=\"false\"><path d=\"M12,4.622c2.403,0,2.688,0.009,3.637,0.052c0.877,0.04,1.354,0.187,1.671,0.31c0.42,0.163,0.72,0.358,1.035,0.673 c0.315,0.315,0.51,0.615,0.673,1.035c0.123,0.317,0.27,0.794,0.31,1.671c0.043,0.949,0.052,1.234,0.052,3.637 s-0.009,2.688-0.052,3.637c-0.04,0.877-0.187,1.354-0.31,1.671c-0.163,0.42-0.358,0.72-0.673,1.035 c-0.315,0.315-0.615,0.51-1.035,0.673c-0.317,0.123-0.794,0.27-1.671,0.31c-0.949,0.043-1.233,0.052-3.637,0.052 s-2.688-0.009-3.637-0.052c-0.877-0.04-1.354-0.187-1.671-0.31c-0.42-0.163-0.72-0.358-1.035-0.673 c-0.315-0.315-0.51-0.615-0.673-1.035c-0.123-0.317-0.27-0.794-0.31-1.671C4.631,14.688,4.622,14.403,4.622,12 s0.009-2.688,0.052-3.637c0.04-0.877,0.187-1.354,0.31-1.671c0.163-0.42,0.358-0.72,0.673-1.035 c0.315-0.315,0.615-0.51,1.035-0.673c0.317-0.123,0.794-0.27,1.671-0.31C9.312,4.631,9.597,4.622,12,4.622 M12,3 C9.556,3,9.249,3.01,8.289,3.054C7.331,3.098,6.677,3.25,6.105,3.472C5.513,3.702,5.011,4.01,4.511,4.511 c-0.5,0.5-0.808,1.002-1.038,1.594C3.25,6.677,3.098,7.331,3.054,8.289C3.01,9.249,3,9.556,3,12c0,2.444,0.01,2.751,0.054,3.711 c0.044,0.958,0.196,1.612,0.418,2.185c0.23,0.592,0.538,1.094,1.038,1.594c0.5,0.5,1.002,0.808,1.594,1.038 c0.572,0.222,1.227,0.375,2.185,0.418C9.249,20.99,9.556,21,12,21s2.751-0.01,3.711-0.054c0.958-0.044,1.612-0.196,2.185-0.418 c0.592-0.23,1.094-0.538,1.594-1.038c0.5-0.5,0.808-1.002,1.038-1.594c0.222-0.572,0.375-1.227,0.418-2.185 C20.99,14.751,21,14.444,21,12s-0.01-2.751-0.054-3.711c-0.044-0.958-0.196-1.612-0.418-2.185c-0.23-0.592-0.538-1.094-1.038-1.594 c-0.5-0.5-1.002-0.808-1.594-1.038c-0.572-0.222-1.227-0.375-2.185-0.418C14.751,3.01,14.444,3,12,3L12,3z M12,7.378 c-2.552,0-4.622,2.069-4.622,4.622S9.448,16.622,12,16.622s4.622-2.069,4.622-4.622S14.552,7.378,12,7.378z M12,15 c-1.657,0-3-1.343-3-3s1.343-3,3-3s3,1.343,3,3S13.657,15,12,15z M16.804,6.116c-0.596,0-1.08,0.484-1.08,1.08 s0.484,1.08,1.08,1.08c0.596,0,1.08-0.484,1.08-1.08S17.401,6.116,16.804,6.116z\"><\/path><\/svg><span class=\"wp-block-social-link-label screen-reader-text\">Instagram<\/span><\/a><\/li><\/ul>\n\n\n\n<p><\/p>\n\n\n\n<p class=\"has-text-align-left\"><strong><em>D<\/em><\/strong><em><strong>isclaimer<\/strong> : Astrology is a traditional method of getting ideas and estimations, and should not be considered as a definitive prediction. The readings are purely a matter of belief and clients must exercise their own discretion in making decisions based on the information provided. We cannot guarantee accuracy or results from our consultations.<\/em><\/p>\n","protected":false},"excerpt":{"rendered":"<p>seeking sincere seekers&#8230; Namaste !As an explorer and student of ancient wisdom and undistorted oriental sciences for over 27 years, i, embodied as arun singh kranti, invite the seekers to embark on a transformative journey with me. i am a s\u0101dhaka, and a humble guide in the realms of Atharva NLP, Vedic Jyoti\u1e63a, Tattva Palmistry, [&hellip;]<\/p>\n","protected":false},"author":1,"featured_media":0,"parent":0,"menu_order":0,"comment_status":"closed","ping_status":"closed","template":"","meta":{"hide_page_title":"","_coblocks_attr":"","_coblocks_dimensions":"","_coblocks_responsive_height":"","_coblocks_accordion_ie_support":""},"_links":{"self":[{"href":"https:\/\/askdirect.in\/index.php\/wp-json\/wp\/v2\/pages\/117"}],"collection":[{"href":"https:\/\/askdirect.in\/index.php\/wp-json\/wp\/v2\/pages"}],"about":[{"href":"https:\/\/askdirect.in\/index.php\/wp-json\/wp\/v2\/types\/page"}],"author":[{"embeddable":true,"href":"https:\/\/askdirect.in\/index.php\/wp-json\/wp\/v2\/users\/1"}],"replies":[{"embeddable":true,"href":"https:\/\/askdirect.in\/index.php\/wp-json\/wp\/v2\/comments?post=117"}],"version-history":[{"count":30,"href":"https:\/\/askdirect.in\/index.php\/wp-json\/wp\/v2\/pages\/117\/revisions"}],"predecessor-version":[{"id":214,"href":"https:\/\/askdirect.in\/index.php\/wp-json\/wp\/v2\/pages\/117\/revisions\/214"}],"wp:attachment":[{"href":"https:\/\/askdirect.in\/index.php\/wp-json\/wp\/v2\/media?parent=117"}],"curies":[{"name":"wp","href":"https:\/\/api.w.org\/{rel}","templated":true}]}}